{"id":225,"date":"2024-11-08T21:11:39","date_gmt":"2024-11-08T20:11:39","guid":{"rendered":"https:\/\/www.fsa-group.eu\/a-propos-de-nous\/"},"modified":"2025-01-29T22:09:18","modified_gmt":"2025-01-29T21:09:18","slug":"a-propos-de-nous","status":"publish","type":"page","link":"https:\/\/www.fsa-group.eu\/fr\/a-propos-de-nous\/","title":{"rendered":"\u00c0 propos de nous"},"content":{"rendered":"\n<p><br\/>Fond\u00e9e en 2015 en tant qu&rsquo;entreprise familiale, notre soci\u00e9t\u00e9 a su allier travail et innovation pour devenir un leader dans le domaine des syst\u00e8mes de gestion des fluides. Anim\u00e9e par des valeurs fortes et une vision \u00e0 long terme, notre \u00e9quipe d\u00e9vou\u00e9e et passionn\u00e9e met en \u0153uvre son expertise pour r\u00e9pondre aux besoins de nos clients tout en restant fid\u00e8le \u00e0 ses racines familiales.<\/p>\n\n<p>Sp\u00e9cialis\u00e9s \u00e0 l&rsquo;origine dans la vente et le d\u00e9veloppement de syst\u00e8mes de contr\u00f4le de liquides, de gaz et d&rsquo;autres fluides, nous n&rsquo;avons cess\u00e9 d&rsquo;\u00e9largir notre champ d&rsquo;activit\u00e9 afin de r\u00e9pondre aux exigences croissantes de nos clients. En 2021, nous avons ajout\u00e9 \u00e0 notre offre une gamme compl\u00e8te de produits et de solutions pour l&rsquo;irrigation et la gestion intelligente de l&rsquo;eau. Depuis 2023, nous d\u00e9veloppons \u00e9galement des solutions sur mesure pour la r\u00e9cup\u00e9ration des eaux de pluie et le traitement des eaux us\u00e9es, alliant innovation technologique et respect de l&rsquo;environnement.<\/p>\n\n<p class=\"has-accent-group-color has-text-color has-link-color wp-elements-88c5d64dcd8bde9371ce93ee008a0855\">Notre philosophie repose sur cinq piliers fondamentaux : <strong>rapidit\u00e9, efficacit\u00e9, rentabilit\u00e9, innovation et durabilit\u00e9<\/strong>. Ces principes ne sont pas que des mots, mais le moteur de toutes nos actions. Nous nous engageons \u00e0 fournir des solutions de qualit\u00e9 \u00e0 des prix comp\u00e9titifs et \u00e0 assurer un service client de premier ordre. La satisfaction de nos clients est au c\u0153ur de nos pr\u00e9occupations et nous mettons tout en \u0153uvre pour cr\u00e9er des solutions sur mesure qui simplifient leur quotidien tout en r\u00e9pondant aux exigences environnementales.<\/p>\n\n<p><\/p>\n\n<figure class=\"wp-block-image size-large\"><img loading=\"lazy\" decoding=\"async\" width=\"1024\" height=\"406\" src=\"https:\/\/www.fsa-group.eu\/wp-content\/uploads\/\/gruppenbild_farbe_web-1024x406.jpg\" alt=\"\" class=\"wp-image-92\" srcset=\"https:\/\/www.fsa-group.eu\/wp-content\/uploads\/gruppenbild_farbe_web-1024x406.jpg 1024w, https:\/\/www.fsa-group.eu\/wp-content\/uploads\/gruppenbild_farbe_web-300x119.jpg 300w, https:\/\/www.fsa-group.eu\/wp-content\/uploads\/gruppenbild_farbe_web-768x304.jpg 768w, https:\/\/www.fsa-group.eu\/wp-content\/uploads\/gruppenbild_farbe_web-1536x608.jpg 1536w, https:\/\/www.fsa-group.eu\/wp-content\/uploads\/gruppenbild_farbe_web.jpg 2000w\" sizes=\"(max-width: 1024px) 100vw, 1024px\" \/><\/figure>\n","protected":false},"excerpt":{"rendered":"<p>Fond\u00e9e en 2015 en tant qu&rsquo;entreprise familiale, notre soci\u00e9t\u00e9 a su allier travail et innovation pour devenir un leader dans le domaine des syst\u00e8mes de gestion des fluides. Anim\u00e9e par des valeurs fortes et une vision \u00e0 long terme, notre \u00e9quipe d\u00e9vou\u00e9e et passionn\u00e9e met en \u0153uvre son expertise pour r\u00e9pondre aux besoins de nos [&hellip;]<\/p>\n","protected":false},"author":1,"featured_media":0,"parent":0,"menu_order":1,"comment_status":"closed","ping_status":"closed","template":"","meta":{"footnotes":""},"class_list":["post-225","page","type-page","status-publish","hentry"],"yoast_head":"<!-- This site is optimized with the Yoast SEO plugin v24.4 - https:\/\/yoast.com\/wordpress\/plugins\/seo\/ -->\n<title>\u00c0 propos de nous - FSA Group<\/title>\n<meta name=\"robots\" content=\"index, follow, max-snippet:-1, max-image-preview:large, max-video-preview:-1\" \/>\n<link rel=\"canonical\" href=\"https:\/\/www.fsa-group.eu\/fr\/a-propos-de-nous\/\" \/>\n<meta property=\"og:locale\" content=\"fr_FR\" \/>\n<meta property=\"og:type\" content=\"article\" \/>\n<meta property=\"og:title\" content=\"\u00c0 propos de nous - FSA Group\" \/>\n<meta property=\"og:description\" content=\"Fond\u00e9e en 2015 en tant qu&rsquo;entreprise familiale, notre soci\u00e9t\u00e9 a su allier travail et innovation pour devenir un leader dans le domaine des syst\u00e8mes de gestion des fluides. Anim\u00e9e par des valeurs fortes et une vision \u00e0 long terme, notre \u00e9quipe d\u00e9vou\u00e9e et passionn\u00e9e met en \u0153uvre son expertise pour r\u00e9pondre aux besoins de nos [&hellip;]\" \/>\n<meta property=\"og:url\" content=\"https:\/\/www.fsa-group.eu\/fr\/a-propos-de-nous\/\" \/>\n<meta property=\"og:site_name\" content=\"FSA Group\" \/>\n<meta property=\"article:modified_time\" content=\"2025-01-29T21:09:18+00:00\" \/>\n<meta property=\"og:image\" content=\"https:\/\/www.fsa-group.eu\/wp-content\/uploads\/gruppenbild_farbe_web.jpg\" \/>\n\t<meta property=\"og:image:width\" content=\"2000\" \/>\n\t<meta property=\"og:image:height\" content=\"792\" \/>\n\t<meta property=\"og:image:type\" content=\"image\/jpeg\" \/>\n<meta name=\"twitter:card\" content=\"summary_large_image\" \/>\n<meta name=\"twitter:label1\" content=\"Dur\u00e9e de lecture estim\u00e9e\" \/>\n\t<meta name=\"twitter:data1\" content=\"1 minute\" \/>\n<script type=\"application\/ld+json\" class=\"yoast-schema-graph\">{\"@context\":\"https:\/\/schema.org\",\"@graph\":[{\"@type\":\"WebPage\",\"@id\":\"https:\/\/www.fsa-group.eu\/fr\/a-propos-de-nous\/\",\"url\":\"https:\/\/www.fsa-group.eu\/fr\/a-propos-de-nous\/\",\"name\":\"\u00c0 propos de nous - FSA Group\",\"isPartOf\":{\"@id\":\"https:\/\/www.fsa-group.eu\/fr\/#website\"},\"primaryImageOfPage\":{\"@id\":\"https:\/\/www.fsa-group.eu\/fr\/a-propos-de-nous\/#primaryimage\"},\"image\":{\"@id\":\"https:\/\/www.fsa-group.eu\/fr\/a-propos-de-nous\/#primaryimage\"},\"thumbnailUrl\":\"https:\/\/www.fsa-group.eu\/wp-content\/uploads\/\/gruppenbild_farbe_web-1024x406.jpg\",\"datePublished\":\"2024-11-08T20:11:39+00:00\",\"dateModified\":\"2025-01-29T21:09:18+00:00\",\"breadcrumb\":{\"@id\":\"https:\/\/www.fsa-group.eu\/fr\/a-propos-de-nous\/#breadcrumb\"},\"inLanguage\":\"fr-FR\",\"potentialAction\":[{\"@type\":\"ReadAction\",\"target\":[\"https:\/\/www.fsa-group.eu\/fr\/a-propos-de-nous\/\"]}]},{\"@type\":\"ImageObject\",\"inLanguage\":\"fr-FR\",\"@id\":\"https:\/\/www.fsa-group.eu\/fr\/a-propos-de-nous\/#primaryimage\",\"url\":\"https:\/\/www.fsa-group.eu\/wp-content\/uploads\/\/gruppenbild_farbe_web-1024x406.jpg\",\"contentUrl\":\"https:\/\/www.fsa-group.eu\/wp-content\/uploads\/\/gruppenbild_farbe_web-1024x406.jpg\"},{\"@type\":\"BreadcrumbList\",\"@id\":\"https:\/\/www.fsa-group.eu\/fr\/a-propos-de-nous\/#breadcrumb\",\"itemListElement\":[{\"@type\":\"ListItem\",\"position\":1,\"name\":\"Startseite\",\"item\":\"https:\/\/www.fsa-group.eu\/fr\/accueil\/\"},{\"@type\":\"ListItem\",\"position\":2,\"name\":\"\u00c0 propos de nous\"}]},{\"@type\":\"WebSite\",\"@id\":\"https:\/\/www.fsa-group.eu\/fr\/#website\",\"url\":\"https:\/\/www.fsa-group.eu\/fr\/\",\"name\":\"FSA Group\",\"description\":\"Innovative und nachhaltige Produkte\",\"publisher\":{\"@id\":\"https:\/\/www.fsa-group.eu\/fr\/#organization\"},\"potentialAction\":[{\"@type\":\"SearchAction\",\"target\":{\"@type\":\"EntryPoint\",\"urlTemplate\":\"https:\/\/www.fsa-group.eu\/fr\/?s={search_term_string}\"},\"query-input\":{\"@type\":\"PropertyValueSpecification\",\"valueRequired\":true,\"valueName\":\"search_term_string\"}}],\"inLanguage\":\"fr-FR\"},{\"@type\":\"Organization\",\"@id\":\"https:\/\/www.fsa-group.eu\/fr\/#organization\",\"name\":\"Fluid Systems & Automation Group\",\"alternateName\":\"FSA Group\",\"url\":\"https:\/\/www.fsa-group.eu\/fr\/\",\"logo\":{\"@type\":\"ImageObject\",\"inLanguage\":\"fr-FR\",\"@id\":\"https:\/\/www.fsa-group.eu\/fr\/#\/schema\/logo\/image\/\",\"url\":\"https:\/\/www.fsa-group.eu\/wp-content\/uploads\/fsa-group-grau.png\",\"contentUrl\":\"https:\/\/www.fsa-group.eu\/wp-content\/uploads\/fsa-group-grau.png\",\"width\":600,\"height\":255,\"caption\":\"Fluid Systems & Automation Group\"},\"image\":{\"@id\":\"https:\/\/www.fsa-group.eu\/fr\/#\/schema\/logo\/image\/\"},\"sameAs\":[\"https:\/\/de.linkedin.com\/company\/fluidsystems\"]}]}<\/script>\n<!-- \/ Yoast SEO plugin. -->","yoast_head_json":{"title":"\u00c0 propos de nous - FSA Group","robots":{"index":"index","follow":"follow","max-snippet":"max-snippet:-1","max-image-preview":"max-image-preview:large","max-video-preview":"max-video-preview:-1"},"canonical":"https:\/\/www.fsa-group.eu\/fr\/a-propos-de-nous\/","og_locale":"fr_FR","og_type":"article","og_title":"\u00c0 propos de nous - FSA Group","og_description":"Fond\u00e9e en 2015 en tant qu&rsquo;entreprise familiale, notre soci\u00e9t\u00e9 a su allier travail et innovation pour devenir un leader dans le domaine des syst\u00e8mes de gestion des fluides. Anim\u00e9e par des valeurs fortes et une vision \u00e0 long terme, notre \u00e9quipe d\u00e9vou\u00e9e et passionn\u00e9e met en \u0153uvre son expertise pour r\u00e9pondre aux besoins de nos [&hellip;]","og_url":"https:\/\/www.fsa-group.eu\/fr\/a-propos-de-nous\/","og_site_name":"FSA Group","article_modified_time":"2025-01-29T21:09:18+00:00","og_image":[{"width":2000,"height":792,"url":"https:\/\/www.fsa-group.eu\/wp-content\/uploads\/gruppenbild_farbe_web.jpg","type":"image\/jpeg"}],"twitter_card":"summary_large_image","twitter_misc":{"Dur\u00e9e de lecture estim\u00e9e":"1 minute"},"schema":{"@context":"https:\/\/schema.org","@graph":[{"@type":"WebPage","@id":"https:\/\/www.fsa-group.eu\/fr\/a-propos-de-nous\/","url":"https:\/\/www.fsa-group.eu\/fr\/a-propos-de-nous\/","name":"\u00c0 propos de nous - FSA Group","isPartOf":{"@id":"https:\/\/www.fsa-group.eu\/fr\/#website"},"primaryImageOfPage":{"@id":"https:\/\/www.fsa-group.eu\/fr\/a-propos-de-nous\/#primaryimage"},"image":{"@id":"https:\/\/www.fsa-group.eu\/fr\/a-propos-de-nous\/#primaryimage"},"thumbnailUrl":"https:\/\/www.fsa-group.eu\/wp-content\/uploads\/\/gruppenbild_farbe_web-1024x406.jpg","datePublished":"2024-11-08T20:11:39+00:00","dateModified":"2025-01-29T21:09:18+00:00","breadcrumb":{"@id":"https:\/\/www.fsa-group.eu\/fr\/a-propos-de-nous\/#breadcrumb"},"inLanguage":"fr-FR","potentialAction":[{"@type":"ReadAction","target":["https:\/\/www.fsa-group.eu\/fr\/a-propos-de-nous\/"]}]},{"@type":"ImageObject","inLanguage":"fr-FR","@id":"https:\/\/www.fsa-group.eu\/fr\/a-propos-de-nous\/#primaryimage","url":"https:\/\/www.fsa-group.eu\/wp-content\/uploads\/\/gruppenbild_farbe_web-1024x406.jpg","contentUrl":"https:\/\/www.fsa-group.eu\/wp-content\/uploads\/\/gruppenbild_farbe_web-1024x406.jpg"},{"@type":"BreadcrumbList","@id":"https:\/\/www.fsa-group.eu\/fr\/a-propos-de-nous\/#breadcrumb","itemListElement":[{"@type":"ListItem","position":1,"name":"Startseite","item":"https:\/\/www.fsa-group.eu\/fr\/accueil\/"},{"@type":"ListItem","position":2,"name":"\u00c0 propos de nous"}]},{"@type":"WebSite","@id":"https:\/\/www.fsa-group.eu\/fr\/#website","url":"https:\/\/www.fsa-group.eu\/fr\/","name":"FSA Group","description":"Innovative und nachhaltige Produkte","publisher":{"@id":"https:\/\/www.fsa-group.eu\/fr\/#organization"},"potentialAction":[{"@type":"SearchAction","target":{"@type":"EntryPoint","urlTemplate":"https:\/\/www.fsa-group.eu\/fr\/?s={search_term_string}"},"query-input":{"@type":"PropertyValueSpecification","valueRequired":true,"valueName":"search_term_string"}}],"inLanguage":"fr-FR"},{"@type":"Organization","@id":"https:\/\/www.fsa-group.eu\/fr\/#organization","name":"Fluid Systems & Automation Group","alternateName":"FSA Group","url":"https:\/\/www.fsa-group.eu\/fr\/","logo":{"@type":"ImageObject","inLanguage":"fr-FR","@id":"https:\/\/www.fsa-group.eu\/fr\/#\/schema\/logo\/image\/","url":"https:\/\/www.fsa-group.eu\/wp-content\/uploads\/fsa-group-grau.png","contentUrl":"https:\/\/www.fsa-group.eu\/wp-content\/uploads\/fsa-group-grau.png","width":600,"height":255,"caption":"Fluid Systems & Automation Group"},"image":{"@id":"https:\/\/www.fsa-group.eu\/fr\/#\/schema\/logo\/image\/"},"sameAs":["https:\/\/de.linkedin.com\/company\/fluidsystems"]}]}},"_links":{"self":[{"href":"https:\/\/www.fsa-group.eu\/fr\/wp-json\/wp\/v2\/pages\/225"}],"collection":[{"href":"https:\/\/www.fsa-group.eu\/fr\/wp-json\/wp\/v2\/pages"}],"about":[{"href":"https:\/\/www.fsa-group.eu\/fr\/wp-json\/wp\/v2\/types\/page"}],"author":[{"embeddable":true,"href":"https:\/\/www.fsa-group.eu\/fr\/wp-json\/wp\/v2\/users\/1"}],"replies":[{"embeddable":true,"href":"https:\/\/www.fsa-group.eu\/fr\/wp-json\/wp\/v2\/comments?post=225"}],"version-history":[{"count":1,"href":"https:\/\/www.fsa-group.eu\/fr\/wp-json\/wp\/v2\/pages\/225\/revisions"}],"predecessor-version":[{"id":230,"href":"https:\/\/www.fsa-group.eu\/fr\/wp-json\/wp\/v2\/pages\/225\/revisions\/230"}],"wp:attachment":[{"href":"https:\/\/www.fsa-group.eu\/fr\/wp-json\/wp\/v2\/media?parent=225"}],"curies":[{"name":"wp","href":"https:\/\/api.w.org\/{rel}","templated":true}]}}