{"id":220,"date":"2024-11-08T21:12:25","date_gmt":"2024-11-08T20:12:25","guid":{"rendered":"https:\/\/www.fsa-group.eu\/contact\/"},"modified":"2025-01-29T22:09:18","modified_gmt":"2025-01-29T21:09:18","slug":"contact","status":"publish","type":"page","link":"https:\/\/www.fsa-group.eu\/fr\/contact\/","title":{"rendered":"Contact"},"content":{"rendered":"\n<div class=\"wp-block-columns is-layout-flex wp-container-core-columns-is-layout-1 wp-block-columns-is-layout-flex\">\n<div class=\"wp-block-column is-layout-flow wp-block-column-is-layout-flow\">\n<div class=\"wp-block-contact-form-7-contact-form-selector\">\n<div class=\"wpcf7 no-js\" id=\"wpcf7-f293-o1\" lang=\"fr-FR\" dir=\"ltr\" data-wpcf7-id=\"293\">\n<div class=\"screen-reader-response\"><p role=\"status\" aria-live=\"polite\" aria-atomic=\"true\"><\/p> <ul><\/ul><\/div>\n<form action=\"\/fr\/wp-json\/wp\/v2\/pages\/220#wpcf7-f293-o1\" method=\"post\" class=\"wpcf7-form init\" aria-label=\"Formulaire de contact\" novalidate=\"novalidate\" data-status=\"init\">\n<div style=\"display: none;\">\n<input type=\"hidden\" name=\"_wpcf7\" value=\"293\" \/>\n<input type=\"hidden\" name=\"_wpcf7_version\" value=\"6.0.3\" \/>\n<input type=\"hidden\" name=\"_wpcf7_locale\" value=\"fr_FR\" \/>\n<input type=\"hidden\" name=\"_wpcf7_unit_tag\" value=\"wpcf7-f293-o1\" \/>\n<input type=\"hidden\" name=\"_wpcf7_container_post\" value=\"0\" \/>\n<input type=\"hidden\" name=\"_wpcf7_posted_data_hash\" value=\"\" \/>\n<input type=\"hidden\" name=\"_wpcf7_recaptcha_response\" value=\"\" \/>\n<\/div>\n<p><label> Titre<br \/>\n<span class=\"wpcf7-form-control-wrap\" data-name=\"anrede\"><select class=\"wpcf7-form-control wpcf7-select\" aria-invalid=\"false\" name=\"anrede\"><option value=\"Madame\">Madame<\/option><option value=\"Monsieur\">Monsieur<\/option><\/select><\/span> <\/label>\n<\/p>\n<p><label> Pr\u00e9nom<br \/>\n<span class=\"wpcf7-form-control-wrap\" data-name=\"first-name\"><input size=\"40\" maxlength=\"400\" class=\"wpcf7-form-control wpcf7-text\" aria-invalid=\"false\" value=\"\" type=\"text\" name=\"first-name\" \/><\/span> <\/label>\n<\/p>\n<p><label> Nom de famille<br \/>\n<span class=\"wpcf7-form-control-wrap\" data-name=\"last-name\"><input size=\"40\" maxlength=\"400\" class=\"wpcf7-form-control wpcf7-text wpcf7-validates-as-required\" aria-required=\"true\" aria-invalid=\"false\" value=\"\" type=\"text\" name=\"last-name\" \/><\/span> <\/label>\n<\/p>\n<p><label> Adresse \u00e9lectronique<br \/>\n<span class=\"wpcf7-form-control-wrap\" data-name=\"your-email\"><input size=\"40\" maxlength=\"400\" class=\"wpcf7-form-control wpcf7-email wpcf7-validates-as-required wpcf7-text wpcf7-validates-as-email\" aria-required=\"true\" aria-invalid=\"false\" value=\"\" type=\"email\" name=\"your-email\" \/><\/span> <\/label>\n<\/p>\n<p><label> Num\u00e9ro de t\u00e9l\u00e9phone<br \/>\n<span class=\"wpcf7-form-control-wrap\" data-name=\"telephone\"><input size=\"40\" maxlength=\"400\" minlength=\"4\" class=\"wpcf7-form-control wpcf7-tel wpcf7-text wpcf7-validates-as-tel\" aria-invalid=\"false\" value=\"\" type=\"tel\" name=\"telephone\" \/><\/span> <\/label>\n<\/p>\n<p><label> Num\u00e9ro de TVA<br \/>\n<span class=\"wpcf7-form-control-wrap\" data-name=\"ust-idnr\"><input size=\"40\" maxlength=\"400\" minlength=\"8\" class=\"wpcf7-form-control wpcf7-text\" aria-invalid=\"false\" value=\"\" type=\"text\" name=\"ust-idnr\" \/><\/span> <\/label>\n<\/p>\n<p><label> Soci\u00e9t\u00e9<br \/>\n<span class=\"wpcf7-form-control-wrap\" data-name=\"firma\"><input size=\"40\" maxlength=\"400\" class=\"wpcf7-form-control wpcf7-text\" aria-invalid=\"false\" value=\"\" type=\"text\" name=\"firma\" \/><\/span> <\/label>\n<\/p>\n<p><label> CODE POSTAL<br \/>\n<span class=\"wpcf7-form-control-wrap\" data-name=\"zip-code\"><input size=\"40\" maxlength=\"400\" class=\"wpcf7-form-control wpcf7-text\" aria-invalid=\"false\" value=\"\" type=\"text\" name=\"zip-code\" \/><\/span> <\/label>\n<\/p>\n<p><label> Lieu<br \/>\n<span class=\"wpcf7-form-control-wrap\" data-name=\"place\"><input size=\"40\" maxlength=\"400\" class=\"wpcf7-form-control wpcf7-text\" aria-invalid=\"false\" value=\"\" type=\"text\" name=\"place\" \/><\/span> <\/label>\n<\/p>\n<p><label> Sujet<br \/>\n<span class=\"wpcf7-form-control-wrap\" data-name=\"subject\"><select class=\"wpcf7-form-control wpcf7-select wpcf7-validates-as-required\" aria-required=\"true\" aria-invalid=\"false\" name=\"subject\"><option value=\"Question g\u00e9n\u00e9rale\">Question g\u00e9n\u00e9rale<\/option><option value=\"Question sur un produit\">Question sur un produit<\/option><option value=\"Question sur une offre\">Question sur une offre<\/option><option value=\"Question sur un achat Amazon ou eBay\">Question sur un achat Amazon ou eBay<\/option><option value=\"Question sur une facture\">Question sur une facture<\/option><\/select><\/span> <\/label>\n<\/p>\n<p><label> Votre message<br \/>\n<span class=\"wpcf7-form-control-wrap\" data-name=\"message\"><textarea cols=\"40\" rows=\"10\" maxlength=\"2000\" class=\"wpcf7-form-control wpcf7-textarea\" aria-invalid=\"false\" name=\"message\"><\/textarea><\/span> <\/label>\n<\/p>\n<p><input class=\"wpcf7-form-control wpcf7-submit has-spinner\" type=\"submit\" value=\"Envoyer\" \/>\n<\/p><div class=\"wpcf7-response-output\" aria-hidden=\"true\"><\/div>\n<\/form>\n<\/div>\n<\/div>\n<\/div>\n\n\n\n<div class=\"wp-block-column is-layout-flow wp-block-column-is-layout-flow\">\n<figure class=\"wp-block-image size-full is-resized\"><img loading=\"lazy\" decoding=\"async\" width=\"500\" height=\"500\" src=\"https:\/\/www.fsa-group.eu\/wp-content\/uploads\/chris-haas.png\" alt=\"\" class=\"wp-image-124\" style=\"width:202px;height:auto\" srcset=\"https:\/\/www.fsa-group.eu\/wp-content\/uploads\/chris-haas.png 500w, https:\/\/www.fsa-group.eu\/wp-content\/uploads\/chris-haas-300x300.png 300w, https:\/\/www.fsa-group.eu\/wp-content\/uploads\/chris-haas-150x150.png 150w\" sizes=\"(max-width: 500px) 100vw, 500px\" \/><\/figure>\n\n\n\n<p><strong>Christopher Haas<\/strong><br\/>Directeur du traitement des commandes et <br\/>Exp\u00e9dition<\/p>\n<\/div>\n<\/div>\n\n<p><\/p>\n","protected":false},"excerpt":{"rendered":"<p>Christopher HaasDirecteur du traitement des commandes et Exp\u00e9dition<\/p>\n","protected":false},"author":1,"featured_media":0,"parent":0,"menu_order":3,"comment_status":"closed","ping_status":"closed","template":"","meta":{"footnotes":""},"class_list":["post-220","page","type-page","status-publish","hentry"],"yoast_head":"<!-- This site is optimized with the Yoast SEO plugin v24.4 - https:\/\/yoast.com\/wordpress\/plugins\/seo\/ -->\n<title>Contact - FSA Group<\/title>\n<meta name=\"robots\" content=\"index, follow, max-snippet:-1, max-image-preview:large, max-video-preview:-1\" \/>\n<link rel=\"canonical\" href=\"https:\/\/www.fsa-group.eu\/fr\/contact\/\" \/>\n<meta property=\"og:locale\" content=\"fr_FR\" \/>\n<meta property=\"og:type\" content=\"article\" \/>\n<meta property=\"og:title\" content=\"Contact - FSA Group\" \/>\n<meta property=\"og:description\" content=\"Christopher HaasDirecteur du traitement des commandes et Exp\u00e9dition\" \/>\n<meta property=\"og:url\" content=\"https:\/\/www.fsa-group.eu\/fr\/contact\/\" \/>\n<meta property=\"og:site_name\" content=\"FSA Group\" \/>\n<meta property=\"article:modified_time\" content=\"2025-01-29T21:09:18+00:00\" \/>\n<meta property=\"og:image\" content=\"https:\/\/www.fsa-group.eu\/wp-content\/uploads\/chris-haas.png\" \/>\n\t<meta property=\"og:image:width\" content=\"500\" \/>\n\t<meta property=\"og:image:height\" content=\"500\" \/>\n\t<meta property=\"og:image:type\" content=\"image\/png\" \/>\n<meta name=\"twitter:card\" content=\"summary_large_image\" \/>\n<script type=\"application\/ld+json\" class=\"yoast-schema-graph\">{\"@context\":\"https:\/\/schema.org\",\"@graph\":[{\"@type\":\"WebPage\",\"@id\":\"https:\/\/www.fsa-group.eu\/fr\/contact\/\",\"url\":\"https:\/\/www.fsa-group.eu\/fr\/contact\/\",\"name\":\"Contact - FSA Group\",\"isPartOf\":{\"@id\":\"https:\/\/www.fsa-group.eu\/fr\/#website\"},\"primaryImageOfPage\":{\"@id\":\"https:\/\/www.fsa-group.eu\/fr\/contact\/#primaryimage\"},\"image\":{\"@id\":\"https:\/\/www.fsa-group.eu\/fr\/contact\/#primaryimage\"},\"thumbnailUrl\":\"https:\/\/www.fsa-group.eu\/wp-content\/uploads\/chris-haas.png\",\"datePublished\":\"2024-11-08T20:12:25+00:00\",\"dateModified\":\"2025-01-29T21:09:18+00:00\",\"breadcrumb\":{\"@id\":\"https:\/\/www.fsa-group.eu\/fr\/contact\/#breadcrumb\"},\"inLanguage\":\"fr-FR\",\"potentialAction\":[{\"@type\":\"ReadAction\",\"target\":[\"https:\/\/www.fsa-group.eu\/fr\/contact\/\"]}]},{\"@type\":\"ImageObject\",\"inLanguage\":\"fr-FR\",\"@id\":\"https:\/\/www.fsa-group.eu\/fr\/contact\/#primaryimage\",\"url\":\"https:\/\/www.fsa-group.eu\/wp-content\/uploads\/chris-haas.png\",\"contentUrl\":\"https:\/\/www.fsa-group.eu\/wp-content\/uploads\/chris-haas.png\"},{\"@type\":\"BreadcrumbList\",\"@id\":\"https:\/\/www.fsa-group.eu\/fr\/contact\/#breadcrumb\",\"itemListElement\":[{\"@type\":\"ListItem\",\"position\":1,\"name\":\"Startseite\",\"item\":\"https:\/\/www.fsa-group.eu\/fr\/accueil\/\"},{\"@type\":\"ListItem\",\"position\":2,\"name\":\"Contact\"}]},{\"@type\":\"WebSite\",\"@id\":\"https:\/\/www.fsa-group.eu\/fr\/#website\",\"url\":\"https:\/\/www.fsa-group.eu\/fr\/\",\"name\":\"FSA Group\",\"description\":\"Innovative und nachhaltige Produkte\",\"publisher\":{\"@id\":\"https:\/\/www.fsa-group.eu\/fr\/#organization\"},\"potentialAction\":[{\"@type\":\"SearchAction\",\"target\":{\"@type\":\"EntryPoint\",\"urlTemplate\":\"https:\/\/www.fsa-group.eu\/fr\/?s={search_term_string}\"},\"query-input\":{\"@type\":\"PropertyValueSpecification\",\"valueRequired\":true,\"valueName\":\"search_term_string\"}}],\"inLanguage\":\"fr-FR\"},{\"@type\":\"Organization\",\"@id\":\"https:\/\/www.fsa-group.eu\/fr\/#organization\",\"name\":\"Fluid Systems & Automation Group\",\"alternateName\":\"FSA Group\",\"url\":\"https:\/\/www.fsa-group.eu\/fr\/\",\"logo\":{\"@type\":\"ImageObject\",\"inLanguage\":\"fr-FR\",\"@id\":\"https:\/\/www.fsa-group.eu\/fr\/#\/schema\/logo\/image\/\",\"url\":\"https:\/\/www.fsa-group.eu\/wp-content\/uploads\/fsa-group-grau.png\",\"contentUrl\":\"https:\/\/www.fsa-group.eu\/wp-content\/uploads\/fsa-group-grau.png\",\"width\":600,\"height\":255,\"caption\":\"Fluid Systems & Automation Group\"},\"image\":{\"@id\":\"https:\/\/www.fsa-group.eu\/fr\/#\/schema\/logo\/image\/\"},\"sameAs\":[\"https:\/\/de.linkedin.com\/company\/fluidsystems\"]}]}<\/script>\n<!-- \/ Yoast SEO plugin. -->","yoast_head_json":{"title":"Contact - FSA Group","robots":{"index":"index","follow":"follow","max-snippet":"max-snippet:-1","max-image-preview":"max-image-preview:large","max-video-preview":"max-video-preview:-1"},"canonical":"https:\/\/www.fsa-group.eu\/fr\/contact\/","og_locale":"fr_FR","og_type":"article","og_title":"Contact - FSA Group","og_description":"Christopher HaasDirecteur du traitement des commandes et Exp\u00e9dition","og_url":"https:\/\/www.fsa-group.eu\/fr\/contact\/","og_site_name":"FSA Group","article_modified_time":"2025-01-29T21:09:18+00:00","og_image":[{"width":500,"height":500,"url":"https:\/\/www.fsa-group.eu\/wp-content\/uploads\/chris-haas.png","type":"image\/png"}],"twitter_card":"summary_large_image","schema":{"@context":"https:\/\/schema.org","@graph":[{"@type":"WebPage","@id":"https:\/\/www.fsa-group.eu\/fr\/contact\/","url":"https:\/\/www.fsa-group.eu\/fr\/contact\/","name":"Contact - FSA Group","isPartOf":{"@id":"https:\/\/www.fsa-group.eu\/fr\/#website"},"primaryImageOfPage":{"@id":"https:\/\/www.fsa-group.eu\/fr\/contact\/#primaryimage"},"image":{"@id":"https:\/\/www.fsa-group.eu\/fr\/contact\/#primaryimage"},"thumbnailUrl":"https:\/\/www.fsa-group.eu\/wp-content\/uploads\/chris-haas.png","datePublished":"2024-11-08T20:12:25+00:00","dateModified":"2025-01-29T21:09:18+00:00","breadcrumb":{"@id":"https:\/\/www.fsa-group.eu\/fr\/contact\/#breadcrumb"},"inLanguage":"fr-FR","potentialAction":[{"@type":"ReadAction","target":["https:\/\/www.fsa-group.eu\/fr\/contact\/"]}]},{"@type":"ImageObject","inLanguage":"fr-FR","@id":"https:\/\/www.fsa-group.eu\/fr\/contact\/#primaryimage","url":"https:\/\/www.fsa-group.eu\/wp-content\/uploads\/chris-haas.png","contentUrl":"https:\/\/www.fsa-group.eu\/wp-content\/uploads\/chris-haas.png"},{"@type":"BreadcrumbList","@id":"https:\/\/www.fsa-group.eu\/fr\/contact\/#breadcrumb","itemListElement":[{"@type":"ListItem","position":1,"name":"Startseite","item":"https:\/\/www.fsa-group.eu\/fr\/accueil\/"},{"@type":"ListItem","position":2,"name":"Contact"}]},{"@type":"WebSite","@id":"https:\/\/www.fsa-group.eu\/fr\/#website","url":"https:\/\/www.fsa-group.eu\/fr\/","name":"FSA Group","description":"Innovative und nachhaltige Produkte","publisher":{"@id":"https:\/\/www.fsa-group.eu\/fr\/#organization"},"potentialAction":[{"@type":"SearchAction","target":{"@type":"EntryPoint","urlTemplate":"https:\/\/www.fsa-group.eu\/fr\/?s={search_term_string}"},"query-input":{"@type":"PropertyValueSpecification","valueRequired":true,"valueName":"search_term_string"}}],"inLanguage":"fr-FR"},{"@type":"Organization","@id":"https:\/\/www.fsa-group.eu\/fr\/#organization","name":"Fluid Systems & Automation Group","alternateName":"FSA Group","url":"https:\/\/www.fsa-group.eu\/fr\/","logo":{"@type":"ImageObject","inLanguage":"fr-FR","@id":"https:\/\/www.fsa-group.eu\/fr\/#\/schema\/logo\/image\/","url":"https:\/\/www.fsa-group.eu\/wp-content\/uploads\/fsa-group-grau.png","contentUrl":"https:\/\/www.fsa-group.eu\/wp-content\/uploads\/fsa-group-grau.png","width":600,"height":255,"caption":"Fluid Systems & Automation Group"},"image":{"@id":"https:\/\/www.fsa-group.eu\/fr\/#\/schema\/logo\/image\/"},"sameAs":["https:\/\/de.linkedin.com\/company\/fluidsystems"]}]}},"_links":{"self":[{"href":"https:\/\/www.fsa-group.eu\/fr\/wp-json\/wp\/v2\/pages\/220"}],"collection":[{"href":"https:\/\/www.fsa-group.eu\/fr\/wp-json\/wp\/v2\/pages"}],"about":[{"href":"https:\/\/www.fsa-group.eu\/fr\/wp-json\/wp\/v2\/types\/page"}],"author":[{"embeddable":true,"href":"https:\/\/www.fsa-group.eu\/fr\/wp-json\/wp\/v2\/users\/1"}],"replies":[{"embeddable":true,"href":"https:\/\/www.fsa-group.eu\/fr\/wp-json\/wp\/v2\/comments?post=220"}],"version-history":[{"count":1,"href":"https:\/\/www.fsa-group.eu\/fr\/wp-json\/wp\/v2\/pages\/220\/revisions"}],"predecessor-version":[{"id":226,"href":"https:\/\/www.fsa-group.eu\/fr\/wp-json\/wp\/v2\/pages\/220\/revisions\/226"}],"wp:attachment":[{"href":"https:\/\/www.fsa-group.eu\/fr\/wp-json\/wp\/v2\/media?parent=220"}],"curies":[{"name":"wp","href":"https:\/\/api.w.org\/{rel}","templated":true}]}}